{"id":5327,"date":"2018-05-22T12:45:13","date_gmt":"2018-05-22T10:45:13","guid":{"rendered":"http:\/\/bm-land.de\/sicherheit\/?page_id=5327"},"modified":"2022-08-31T11:38:58","modified_gmt":"2022-08-31T09:38:58","slug":"datenschutz","status":"publish","type":"page","link":"https:\/\/bm-land.de\/sicherheit\/?page_id=5327","title":{"rendered":"Datenschutz"},"content":{"rendered":"<p><img loading=\"lazy\" decoding=\"async\" class=\"alignnone wp-image-5568\" src=\"https:\/\/bm-land.de\/sicherheit\/wp-content\/uploads\/2019\/11\/Logo-300.jpg\" alt=\"\" width=\"500\" height=\"195\" srcset=\"https:\/\/bm-land.de\/sicherheit\/wp-content\/uploads\/2019\/11\/Logo-300.jpg 2048w, https:\/\/bm-land.de\/sicherheit\/wp-content\/uploads\/2019\/11\/Logo-300-300x117.jpg 300w, https:\/\/bm-land.de\/sicherheit\/wp-content\/uploads\/2019\/11\/Logo-300-768x299.jpg 768w, https:\/\/bm-land.de\/sicherheit\/wp-content\/uploads\/2019\/11\/Logo-300-1024x399.jpg 1024w\" sizes=\"auto, (max-width: 500px) 100vw, 500px\" \/><\/p>\n<p><strong>Datenschutzerkl\u00e4rung<\/strong><br \/>\nDatenschutz-Grundverordnung<\/p>\n<p>&nbsp;<\/p>\n<p><strong>DS-GVO<\/strong><br \/>\nf\u00fcr die Inhalte auf der Internetpr\u00e4senz:<\/p>\n<p><strong>www.bm-land.de<\/strong><br \/>\n<a href=\"http:\/\/www.bm-land.com\"><strong>www.bm-land.com<\/strong><\/a><\/p>\n<p>Wir freuen uns sehr \u00fcber das Interesse an unserem Unternehmen!<\/p>\n<p>Diese Datenschutzerkl\u00e4rung soll Ihnen als Besucher dieser Webpr\u00e4senz<br \/>\n\u00fcber Art, Umfang und Zweck der Datenerhebung, sowie \u00fcber die Verwendung<br \/>\nIhrer personenbezogenen Daten informieren.<br \/>\nFerner werden Sie \u00fcber die ihnen zustehenden Rechte informiert.<\/p>\n<p>Verantwortlicher im Sinne der Datenschutz-Grundverordnung dieser Seite ist:<\/p>\n<p>Firma<br \/>\n<strong>BM LAND Sicherheitssysteme GmbH<\/strong><br \/>\nHamburger Strasse 12<br \/>\n23795 Bad Segeberg<\/p>\n<p>Telefon: 0 45 51 \/ 99 55 16<br \/>\nTelefax: 0 45 51 \/ 99 55 17<\/p>\n<p>USt.IdNr. DE 174 537 416<br \/>\nSt.-Nr. 11\/295\/03253<br \/>\nGesch\u00e4ftsf\u00fchrer: Christopher R. Saxon<br \/>\nAG Kiel HRB 7751 KI<\/p>\n<p>E-Mail: info@bm-land.de<\/p>\n<p>Die Verarbeitung Ihrer personenbezogenen Daten, beispielsweise Ihres<br \/>\nNamens, Ihrer Anschrift, der E-Mail-Adresse oder der Telefonnummer, erfolgt<br \/>\nstets im Einklang mit der Datenschutz-Grundverordnung DS-GVO und in<br \/>\n\u00dcbereinstimmung mit den f\u00fcr die geltenden landesspezifischen<br \/>\nDatenschutzbestimmungen.<\/p>\n<p>Wir nehmen als Betreiber der Webseite Ihren Datenschutz sehr ernst und<br \/>\nbehandeln Ihre personenbezogenen Daten stets vertraulich und entsprechend<br \/>\nnach den gesetzlichen Vorschriften.<\/p>\n<p>Bitte bedenken Sie dabei aber auch, dass jede Art von Daten\u00fcbertragung im<br \/>\nInternet grunds\u00e4tzlich immer Sicherheitsl\u00fccken aufweisen kann.<br \/>\nEinen 100%igen Schutz vor unberechtigtem Zugriff durch Dritte ist daher schon<br \/>\nrein technisch niemals zu realisieren.<\/p>\n<p>Auf der Webseite <a href=\"http:\/\/www.bm-land.com\"><strong>www.bm-land.com<\/strong><\/a> \/ <strong>www.bm-land.de<\/strong><br \/>\nwerden Cookies verwendet, um Inhalte zu personalisieren und um die<br \/>\nZugriffe auf dieser Website zu analysieren.<\/p>\n<p>&nbsp;<\/p>\n<p><strong>Kontakt.<\/strong><\/p>\n<p>Die Internetseite <a href=\"http:\/\/www.bm-land.com\"><strong>www.bm-land.com<\/strong><\/a> \/ <a href=\"http:\/\/www.bm-land.de\"><strong>www.bm-land.de<\/strong><\/a> der<\/p>\n<p>Firma <strong>BM-Land Sicherheitssysteme GmbH<\/strong><\/p>\n<p>bietet Ihnen die M\u00f6glichkeit, eine schnelle Kontaktaufnahme zu unserem<br \/>\nUnternehmen auf elektronischem Wege zu erm\u00f6glichen, wof\u00fcr eine<br \/>\ng\u00fcltige E-Mail-Adresse (elektronische Post) erforderlich ist.<\/p>\n<p>Sofern Sie uns per E-Mail oder \u00fcber ein Kontaktformular anschreiben,<br \/>\nwerden Ihre \u00fcbermittelten personenbezogenen Daten automatisch auf<br \/>\ndem Server gespeichert.<\/p>\n<p>Wir ben\u00f6tigen diese Daten, damit wir Ihnen beispielsweise auf Ihre<br \/>\nAnfrage oder Ihr Anschreiben anschlie\u00dfend auch wieder antworten k\u00f6nnen.<br \/>\nSolche freiwillig von Ihnen \u00fcbermittelten personenbezogenen Daten werden<br \/>\nnur f\u00fcr die Zwecke der Bearbeitung oder einer Kontaktaufnahme gespeichert.<\/p>\n<p>Wir geben uns hierbei gro\u00dfe M\u00fche und behandeln Ihre personenbezogenen<br \/>\nDaten mit einer hohen Sorgfaltspflicht.<br \/>\nSelbstverst\u00e4ndlich erfolgt, ohne Ihr Einverst\u00e4ndnis, keine Weitergabe dieser<br \/>\nDaten an Dritte!<\/p>\n<p>&nbsp;<\/p>\n<p><strong>Cookies.<\/strong><\/p>\n<p>Diese Internetseite <a href=\"http:\/\/www.bm-land.com\"><strong>www.bm-land.com<\/strong><\/a> \/ <a href=\"http:\/\/www.bm-land.de\"><strong>www.bm-land.de<\/strong><\/a> verwendet<br \/>\nsogenannte Cookies.<\/p>\n<p>Cookies sind kleine Textdateien auf die ihr Browser zugreift und die auf<br \/>\nIhrem Ger\u00e4t dann abgelegt und gespeichert werden.<\/p>\n<p>Die meisten, der von uns verwendeten Cookies, sind \u201eSession-Cookies\u201c,<br \/>\nwelche nach der Beendigung Ihres Besuchs automatisch gel\u00f6scht werden.<br \/>\nAndere Cookies wiederum bleiben auf Ihrem Internetger\u00e4t gespeichert,<br \/>\nbis Sie diese manuell selbst l\u00f6schen.<\/p>\n<p>Cookies enthalten keine Viren und k\u00f6nnen auf Ihrem Ger\u00e4t keine Sch\u00e4den<br \/>\nanrichten!<br \/>\nSie bestehen nur aus einem kurzen Textblock, wodurch die Internetseiten und<br \/>\nder Server dem konkreten Internetbrowser zugeordnet werden k\u00f6nnen, auf<br \/>\ndem das Cookie vorher abgespeichert wurde.<\/p>\n<p>Dieses erm\u00f6glicht es, den jeweiligen Besucher der Homepage wiederzuerkennen<br \/>\nund dient dazu, diese Internetpr\u00e4senz benutzerfreundlicher, effektiver und<br \/>\nsicherer zu machen.<\/p>\n<p>Sie k\u00f6nnen Ihren Internetbrowser so konfigurieren, dass Sie \u00fcber das Setzen von<br \/>\nCookies vorher informiert werden und k\u00f6nnen Cookies nur im Einzelfall erlauben.<br \/>\nEbenso l\u00e4sst sich die Annahme und Speicherung von Cookies f\u00fcr bestimmte F\u00e4lle<br \/>\noder auch generell ausschlie\u00dfen und Sie haben weiterhin die M\u00f6glichkeit, die<br \/>\nautomatische L\u00f6schfunktion der Cookies beim Schlie\u00dfen des Browser aktivieren.<\/p>\n<p>Bei der Deaktivierung von Cookies k\u00f6nnte jedoch die Funktionalit\u00e4t dieser<br \/>\nWebsite in einigen Bereichen eingeschr\u00e4nkt sein.<\/p>\n<p>&nbsp;<\/p>\n<p><strong>Personenbezogene Daten.<\/strong><\/p>\n<p>Die personenbezogenen Daten ben\u00f6tigen wir, um eine Person identifizieren<br \/>\nzu k\u00f6nnen, damit man sie eventuell zur\u00fcckverfolgen k\u00f6nnte, beispielsweise<br \/>\ndurch Name, Anschrift, E-Mail und Telefonnummer.<\/p>\n<p>Dieses dient unserer Sicherheit, falls beispielsweise ein Kommentar gegen<br \/>\ndas geltende Recht verst\u00f6\u00dft.<\/p>\n<p>Eine nat\u00fcrliche Person wird dann als identifizierbar betrachtet, wenn sie mittels<br \/>\neiner Zuordnung zu einer Kennung, wie einem Namen, eine Nummer, einer<br \/>\nOnlinekennung, den Standortdaten oder anderen besonderen individuellen<br \/>\nMerkmalen, identifiziert werden kann.<\/p>\n<p>&nbsp;<\/p>\n<p><strong>Weitergabe personenbezogener Daten.<\/strong><\/p>\n<p>Wir geben Ihre personenbezogenen Daten nur dann an Dritte weiter, wenn dies<br \/>\nin dem gesetzlichen Rahmen gestattet ist oder wenn Sie einer Datenerhebung<br \/>\neingewilligt haben.<\/p>\n<p>&nbsp;<\/p>\n<p><strong>Kommentarfunktion und Beitr\u00e4ge.<\/strong><\/p>\n<p>Diese Seite bietet Ihnen die M\u00f6glichkeit, individuelle Kommentare zu einzelnen<br \/>\nBlog-Beitr\u00e4gen zu hinterlassen.<br \/>\nDer Blog ist ein \u00f6ffentlich einsehbarer Bereich, in dem Sie Ihre Kommentare<br \/>\noder Fragen in Blogposts niederschreiben k\u00f6nnen.<\/p>\n<p>Es werden immer das Zugriffsdatum, die Uhrzeit und Ihre IP-Adresse<br \/>\nprotokolliert, wenn Sie auf dieser Website einen Beitrag oder Kommentar<br \/>\nhinterlassen.<br \/>\nAlle Kommentare werden erst nach unserer Pr\u00fcfung freigeschaltet, um gegen<br \/>\nSpam-Postings oder Fremdwerbung vorzubeugen.<\/p>\n<p>F\u00fcr die Freischaltung und das Ver\u00f6ffentlichen von Ihren Beitr\u00e4gen besteht f\u00fcr<br \/>\nuns keinerlei Verpflichtung.<\/p>\n<p>&nbsp;<\/p>\n<p><strong>Pseudonymisierung<\/strong><\/p>\n<p>Bei der Pseudonymisierung wird die Verarbeitung Ihrer personenbezogener<br \/>\nDaten in einer Art und Weise so verschleiert, dass sie ohne weitere<br \/>\nInformationen nicht mehr zugeordnet werden k\u00f6nnen.<\/p>\n<p>Diese Zusatzinformationen werden separat gespeichert und unterliegen<br \/>\nentsprechenden Sicherheitsma\u00dfnahmen.<\/p>\n<p>&nbsp;<\/p>\n<p><strong>SSL<\/strong><\/p>\n<p>Aus Gr\u00fcnden der Sicherheit und zum Schutz bei der \u00dcbertragung von Ihren<br \/>\nvertraulichen Inhalten, die Sie an uns \u00fcbersenden, verwenden wir teilweise<br \/>\neine SSL-Verschl\u00fcsselung.<\/p>\n<p>Eine verschl\u00fcsselte und sichere Verbindung k\u00f6nnen Sie an dem Schloss-Symbol<br \/>\nin der Browserzeile erkennen. Die Adresszeile Ihres Browsers wechselt dann von<br \/>\n\u201ehttp:\/\/\u201c auf \u201ehttps:\/\/\u201c wenn die SSL Verschl\u00fcsselung aktiviert ist.<br \/>\nIhre \u00fcbermittelten Daten k\u00f6nnen dann von Dritten nicht mitgelesen werden.<\/p>\n<p>&nbsp;<\/p>\n<p><strong>Profiling<\/strong><\/p>\n<p>Wir setzen grunds\u00e4tzlich kein Profiling (automatisierte Entscheidungshilfen) ein.<\/p>\n<p>&nbsp;<\/p>\n<p><strong>Zweck der Datenspeicherung<\/strong><\/p>\n<p>Alle von Ihnen mitgeteilten personenbezogenen Daten werden ausschlie\u00dflich<br \/>\nnur f\u00fcr den jeweils vereinbarten Zweck verwendet.<br \/>\nAls Rechtsgrundlage dient der Artikel 6 der DS-GVO<\/p>\n<ul>\n<li>Daten, die Sie uns mit Ihrer Kontaktanfrage \u00fcbersenden, werden nur f\u00fcr die<br \/>\nBearbeitung der Anfrage verarbeitet.<\/li>\n<li>Wenn Sie einen Kommentar zusenden, der personenbezogene Daten enth\u00e4lt,<br \/>\nwerden diese nur im Rahmen der bestimmungsgem\u00e4\u00dfen Ver\u00f6ffentlichung des<br \/>\nBeitrages verwendet.<\/li>\n<li>Cookies, die wir in Ihrem Browser speichern, dienen der technischen<br \/>\nFunktionalit\u00e4ten.<\/li>\n<li>Dauer der Datenspeicherung<br \/>\nIhre personenbezogenen Daten werden so lange gespeichert, wie der<br \/>\nKommentar auf der Seite online steht.<\/li>\n<li>Daten, die uns bez\u00fcglich einer Anfrage, z. B. \u00fcber eine E-Mail oder<br \/>\nein Kontaktformular, \u00fcbermittelt werden, bleiben nur f\u00fcr die Dauer der<br \/>\nBearbeitung gespeichert.<\/li>\n<li>Cookies, welche von uns gesetzt wurden bleiben f\u00fcr maximal zwei<br \/>\nJahre nach Ihrem letzten Besuch auf unserer Homepage gespeichert.<\/li>\n<\/ul>\n<p>Falls der urspr\u00fcngliche Grund f\u00fcr die Speicherung von Ihren Daten<br \/>\nentf\u00e4llt oder die gesetzliche Aufbewahrungsfrist des Gesetzgebers<br \/>\nabgelaufen ist, werden Ihre personenbezogenen Daten routinem\u00e4\u00dfig<br \/>\nund entsprechend den gesetzlichen Vorschriften gesperrt oder<br \/>\ngel\u00f6scht, sofern sie nicht mehr f\u00fcr eine weitere Vertragserf\u00fcllung<br \/>\nerforderlich sind.<\/p>\n<p>&nbsp;<\/p>\n<p><strong>Server-Logfiles<\/strong><\/p>\n<p>Folgende personenbezogenen Daten werden \u00fcber Zugriffe auf diese Seite<br \/>\nerhoben und durch den Provider als Server-Logfiles gespeichert und<br \/>\nprotokolliert:<br \/>\nZur Identifizierung dienen<\/p>\n<ul>\n<li>Zeitpunkt des Zugriffes (Datum \/ Uhrzeit)<\/li>\n<li>Die verwendete IP-Adresse<\/li>\n<li>Verwendeter Browsertypen und Version<\/li>\n<li>Referrer URL<\/li>\n<li>Hostname des zugreifenden Rechners<\/li>\n<li>Verwendetes Betriebssystem<\/li>\n<li>Die E-Mail Adresse bei Verwendung der Kommentarfunktion<\/li>\n<li>In Ihrem Browser werden Cookies gesetzt, die zu Ihrer<\/li>\n<li>Quellen, von denen Sie auf unsere Seite gelangten<\/li>\n<\/ul>\n<p>Alle erhobenen Daten dienen lediglich zur Gefahrenabwehr im Falle<br \/>\nvon Angriffen auf unsere informationstechnologischen Systeme, zu<br \/>\nstatistischen Auswertungen und zur Verbesserung dieser Website.<\/p>\n<p>Die Speicherung dieser IP-Adressen erfolgt nur f\u00fcr den Fall, dass die<br \/>\nbetroffene Person durch einen abgegebenen Kommentar die Rechte<br \/>\nDritter verletzt oder rechtswidrige Inhalte postet.<\/p>\n<p>Die Speicherung dieser personenbezogenen Daten erfolgt daher in<br \/>\nunserem eigenen Interesse.<\/p>\n<p>Es erfolgt keine Weitergabe dieser erhobenen personenbezogenen<br \/>\nDaten an Dritte, sofern eine solche Weitergabe nicht gesetzlich<br \/>\nvorgeschrieben ist oder der Rechtsverteidigung des f\u00fcr die Verarbeitung<br \/>\nVerantwortlichen dient.<\/p>\n<p>Bei einem konkreten Verdacht einer rechtswidrigen Nutzung oder im<br \/>\nFalle eines Cyberangriffes, behalten wir uns eine \u00dcberpr\u00fcfung der<br \/>\nServer Logfiles vor und werden die notwendigen Informationen den Strafverfolgungsbeh\u00f6rden bereitstellen.<br \/>\nDiese anonym erhobenen Daten und Informationen werden statistisch<br \/>\nausgewertet, um die Datensicherheit in unserem Unternehmen zu<br \/>\nerh\u00f6hen.<\/p>\n<p>&nbsp;<\/p>\n<p><strong>Empf\u00e4nger der personenbezogenen Daten<\/strong><\/p>\n<p>Nach der Ver\u00f6ffentlichung und Freischaltung Ihres Kommentares auf<br \/>\nunserer Seite, kann jeder, der diesen Beitrag \u00fcber das Internet aufruft,<br \/>\nder Empf\u00e4nger sein.<\/p>\n<p>Alle Internetbeitr\u00e4ge sind auch f\u00fcr Dritte auffindbar, beispielsweise \u00fcber<br \/>\ndiverse Suchmaschinen. Jeder Internetnutzer kann diese Kommentare<br \/>\nabrufen und somit speichern oder auch weiter verbreiten.<\/p>\n<p>&nbsp;<\/p>\n<p><strong>Ihre Rechte<\/strong><\/p>\n<ul>\n<li><strong>Recht auf Auskunft.<\/strong><\/li>\n<\/ul>\n<p>Jede, von der Verarbeitung personenbezogener Daten betroffene<br \/>\nPerson, hat das vom Europ\u00e4ischen Richtlinien- und Verordnungsgeber<br \/>\neinger\u00e4umte Recht, eine Best\u00e4tigung dar\u00fcber zu verlangen, ob<br \/>\npersonenbezogene Daten verarbeitet werden.<\/p>\n<p>M\u00f6chten Sie dieses Auskunftsrecht in Anspruch nehmen, k\u00f6nnen sie<br \/>\nsich hierzu jederzeit an einen Mitarbeiter der Firma BM-Land wenden.<\/p>\n<ul>\n<li><strong>Recht auf Best\u00e4tigung.<\/strong><\/li>\n<\/ul>\n<p>Jede betroffene Person, hat das vom Europ\u00e4ischen Richtlinien-<br \/>\nund Verordnungsgeber gew\u00e4hrte Recht, jederzeit von dem f\u00fcr die<br \/>\nVerarbeitung Verantwortlichen eine unentgeltliche Best\u00e4tigung<br \/>\ndar\u00fcber zu verlangen, ob personenbezogene Daten verarbeitet werden.<\/p>\n<p>M\u00f6chten Sie dieses Best\u00e4tigungsrecht in Anspruch nehmen, k\u00f6nnen<br \/>\nsie sich hierzu jederzeit an einen Mitarbeiter der Firma BM-Land wenden.<\/p>\n<ul>\n<li><strong>Recht auf Offenlegung.<\/strong><\/li>\n<\/ul>\n<p>M\u00f6chten Sie dieses Auskunftsrecht in Anspruch nehmen, k\u00f6nnen sie<br \/>\nsich hierzu jederzeit an einen Mitarbeiter der Firma BM-Land wenden.<\/p>\n<ul>\n<li><strong>Recht auf <\/strong><strong>Korrektur<\/strong><strong>.<\/strong><\/li>\n<\/ul>\n<p>Jede, von der Verarbeitung personenbezogener Daten betroffene Person,<br \/>\nhat das vom Europ\u00e4ischen Richtlinien- und Verordnungsgeber gew\u00e4hrte<br \/>\nRecht, die unverz\u00fcgliche Berichtigung betreffender unrichtiger Daten zu<br \/>\nverlangen.<br \/>\nM\u00f6chten Sie dieses Berichtigungsrecht in Anspruch nehmen, k\u00f6nnen sie<br \/>\nsich hierzu jederzeit an einen Mitarbeiter der Firma BM-Land wenden.<\/p>\n<ul>\n<li><strong>Recht auf Widerspruch<\/strong><\/li>\n<\/ul>\n<p>Jede, von der Verarbeitung personenbezogener Daten betroffene Person,<br \/>\nhat das vom Europ\u00e4ischen Richtlinien- und Verordnungsgeber gew\u00e4hrte<br \/>\nRecht, jederzeit gegen die Verarbeitung Widerspruch einzulegen.<\/p>\n<p>Ihre personenbezogenen Daten werden im Falle eines Widerspruchs dann<br \/>\nnicht mehr durch uns verarbeitet.<br \/>\nIn einem Sonderfalle k\u00f6nnten jedoch zwingende Gr\u00fcnde f\u00fcr eine weitere<br \/>\nVerarbeitung \u00fcberwiegen, die den Interessen, Rechten und Freiheiten von<br \/>\nDritten dient, oder zur Geltendmachung, Aus\u00fcbung oder Verteidigung von<br \/>\nweiteren Rechtsanspr\u00fcchen.<\/p>\n<p>Werden Ihre personenbezogenen Daten von der Firma BM-Land f\u00fcr<br \/>\nWerbezwecke verwendet, so haben Sie das Recht, jederzeit Widerspruch<br \/>\ndagegen einzulegen.<br \/>\nIhre Daten werden dann nicht mehr f\u00fcr solche Zwecke verarbeitet.<\/p>\n<ul>\n<li><strong>Recht auf Beschwerde<\/strong><\/li>\n<\/ul>\n<p>Ihnen steht das Recht zu, sich bei einer Aufsichtsbeh\u00f6rde zu beschweren.<br \/>\nF\u00fcr eine gew\u00fcnschte Daten\u00fcbertragung k\u00f6nnen Sie sich jederzeit an<br \/>\neinen Mitarbeiter der Firma BM- Land wenden.<\/p>\n<ul>\n<li><strong>Recht auf Widerruf<\/strong><\/li>\n<\/ul>\n<p>Jede, von der Verarbeitung personenbezogener Daten betroffene Person,<br \/>\nhat das vom Europ\u00e4ischen Richtlinien- und Verordnungsgeber gew\u00e4hrte<br \/>\nRecht, seine datenschutzrechtlichen Einwilligung zu widerrufen.<\/p>\n<p>M\u00f6chten Sie ihr Recht auf Widerruf geltend machen, k\u00f6nnen sie sich hierzu<br \/>\njederzeit an einen Mitarbeiter der Firma BM-Land wenden.<\/p>\n<ul>\n<li><strong>Recht auf L<\/strong><strong>\u00f6schung.<\/strong><\/li>\n<\/ul>\n<p>Jede, von der Verarbeitung personenbezogener Daten betroffene Person,<br \/>\nhat das vom Europ\u00e4ischen Richtlinien- und Verordnungsgeber gew\u00e4hrte<br \/>\nRecht, von dem Verantwortlichen zu verlangen, dass die sie betreffenden<br \/>\nDaten unverz\u00fcglich gel\u00f6scht werden.<\/p>\n<p>Eine L\u00f6schung erfolgt auch dann, wenn Ihre personenbezogenen Daten<br \/>\nurspr\u00fcnglich zu Zwecken erhoben wurden, die nicht mehr ben\u00f6tigt werden.<\/p>\n<ul>\n<li style=\"list-style-type: none;\">\n<ul>\n<li>Wenn Sie ihre Einwilligung widerrufen, auf die sich die Verarbeitung<\/li>\n<li>gem\u00e4\u00df DS-GVO st\u00fctzte (Art. 6) oder es an einer<\/li>\n<li>anderweitigen Rechtsgrundlagen fehlt.<\/li>\n<li>Wenn Sie einen Widerspruch gem\u00e4\u00df DS-GVO (Art. 21) gegen die<\/li>\n<li>Verarbeitung einlegen<\/li>\n<li>Wenn Ihre personenbezogenen Daten unrechtm\u00e4\u00dfig durch unser<\/li>\n<li>Unternehmen verarbeitet wurden.<\/li>\n<li>Wenn Ihre personenbezogenen Daten in Bezug auf angebotene Dienste<\/li>\n<li>der Informationsgesellschaft gem\u00e4\u00df DS-GVO (Art. 8) erhoben wurden.<\/li>\n<\/ul>\n<\/li>\n<\/ul>\n<ul>\n<li><strong>Rechtsgrundlage<\/strong><\/li>\n<\/ul>\n<p>Als Rechtsgrundlage f\u00fcr Verarbeitungsvorg\u00e4nge, bei denen wir Ihre<br \/>\nEinwilligung f\u00fcr einen bestimmten Zweck einholen, st\u00fctzen wir uns auf die<br \/>\nDS-GVO (Art. 6).<\/p>\n<p>Wenn die Verarbeitung Ihrer personenbezogenen Daten zur Erf\u00fcllung eines<br \/>\nVertrags erforderlich, wie beispielsweise bei Lieferung von Waren oder die<br \/>\nErbringung einer sonstigen Leistung, so beruht die Verarbeitung auf<br \/>\nDS-GVO (Art. 6).<\/p>\n<p>Dies gilt auch f\u00fcr alle Bearbeitungsschritte, welche wir zur Durchf\u00fchrung<br \/>\nvon vorvertraglichen Ma\u00dfnahmen ben\u00f6tigen, so etwa bei Ihren Anfragen zu<br \/>\nunseren Produkten oder Dienstleistungen.<br \/>\nUnterliegt die Firma BM-Land einer rechtlichen Verpflichtung durch welche<br \/>\neine Verarbeitung von personenbezogenen Daten erforderlich wird, wie<br \/>\nbeispielsweise zur Erf\u00fcllung von steuerlichen oder rechtlichen Pflichten, so<br \/>\nbasiert die Verarbeitung auf DS-GVO (Art. 6).<\/p>\n<p>In seltenen F\u00e4llen k\u00f6nnte eine Verarbeitung Ihrer personenbezogenen<br \/>\nDaten erforderlich werden, um lebenswichtige Interessen zu sch\u00fctzen.<\/p>\n<p>Wenn eine Verarbeitung zur Wahrung eines berechtigten Interesses unseres<br \/>\nUnternehmens oder eines Dritten erforderlich ist, sofern Ihre eigenen<br \/>\nInteressen, Grundrechte und Grundfreiheiten nicht \u00fcberwiegen, welche von<br \/>\nkeiner der vorgenannten Rechtsgrundlagen erfasst wurden, w\u00fcrde<br \/>\ndie Verarbeitungsvorg\u00e4nge ebenso auf DS-GVO (Art. 6) beruhen.<\/p>\n<p><strong>Google<\/strong><\/p>\n<p>Google Analytics ist ein Web-Analysedienst der Firma Google Inc.,<br \/>\nAmphitheatre Parkway, Mountain View, CA 94043, USA.Google Analytics verwendet Cookies, die auf Ihrem Computer gespeichert<br \/>\nwerden und eine Analyse der Benutzung der Webseite durch Sie erm\u00f6glichen.<br \/>\nIhre IP-Adresse, wird durch den Cookie an die Server von Google in die<br \/>\nUSA gesendet und dort, inkl. der Informationen \u00fcber Ihre Benutzung dieser<br \/>\nWebseite, gespeichert. Die Erfassung Ihrer IP-Adresse ist anonymisiert.<br \/>\nGoogle wertet die Webseitenaktivit\u00e4t auf unserer Homepage aus, um weitere<br \/>\nmit der Websitenutzung und der Internetnutzung verbundene Dienstleistungen<br \/>\nzu erbringen.<br \/>\nGoogle wird diese Informationen eventuell auch an Dritte \u00fcbertragen, welche<br \/>\ndiese Daten dann im Auftrag von Google verarbeiten, soweit dies gesetzlich<br \/>\nm\u00f6glich ist.<br \/>\nIn keinem Fall wird Google jedoch Ihre IP-Adresse mit anderen Daten von<br \/>\nGoogle in Verbindung bringen.<br \/>\nAu\u00dferdem weisen wir darauf hin, das wir Google Fonts verwenden.<br \/>\nDurch die Nutzung dieser Webseite sind Sie mit der Bearbeitung der \u00fcber<br \/>\nSie gesammelten Daten durch Google einverstanden.Durch die entsprechende Einstellung in Ihrem Browser, k\u00f6nnen Sie eine<br \/>\nInstallation von Cookies ausschalten, was jedoch Einschr\u00e4nkungen bei der<br \/>\nNutzung unserer Seite zur Folge haben k\u00f6nnte.Der Speicherung Ihrer IP-Adresse durch Google Analytics k\u00f6nnen Sie<br \/>\njederzeit widersprechen, Informationen finden Sie hier: <a href=\"http:\/\/tools.google.com\/dlpage\/gaoptout?hl=de\">http:\/\/tools.google.com\/dlpage\/gaoptout?hl=de<\/a><\/p>\n<p><strong>Doubleclick<\/strong><\/p>\n<p>In einigen Bereichen setzen wir Doubleclick ein.<br \/>\nDoubleclick ist ein Angebot von Google Inc., 1600 Amphitheatre Parkway,<br \/>\nMontain View, CA 94043, USA, um Ihnen f\u00fcr Sie relevante Anzeigen<br \/>\nanzuzeigen.<br \/>\nDazu werden Cookies verwendet, die keine personenbezogenen Informationen<br \/>\nenthalten. Zur Generierung dieses Cookies wird auch Ihre IP-Adresse verwendet.Die Doubleclick Cookies verwenden eine Ihrem Browser zugeordnete ID, eine<br \/>\npseudonyme Identifikationsnummer, die der Pr\u00fcfung von Einblendung und Aufruf<br \/>\nvon Anzeigen dient. Dies erm\u00f6glicht Google und seinen Partnern die Schaltung von Anzeigen, basierend auf dem vorherigen Besuch oder anderen Websites.<br \/>\nDie Informationen, die durch die Doubleclick-Cookies erzeugt werden, \u00fcbertr\u00e4gt<br \/>\nGoogle an einen Server und speichert diese dort.Sie k\u00f6nnen der Personalisierung der Werbung auf dieser Seite widersprechen: <a href=\"https:\/\/adssettings.google.com\/anonymous?hl=de\">https:\/\/adssettings.google.com\/anonymous?hl=de<\/a><\/p>\n<p><strong>YouTube<\/strong><\/p>\n<p>Unsere Website nutzt Plugins der von Google betriebenen Seite YouTube.<br \/>\nBetreiber der Seiten ist die YouTube, LLC, 901 Cherry Ave., San Bruno,<br \/>\nCA 94066, USA.<br \/>\nWenn Sie eine unserer mit einem YouTube-Plugin ausgestatteten Seiten<br \/>\nbesuchen, wird eine Verbindung zu den Servern von YouTube hergestellt.<br \/>\nDabei wird dem Youtube-Server mitgeteilt, welche unserer Seiten Sie besucht<br \/>\nhaben.<br \/>\nWenn Sie in Ihrem eigenen YouTube-Account eingeloggt sind, erm\u00f6glichen<br \/>\nSie YouTube, Ihr Surfverhalten direkt Ihrem pers\u00f6nlichen Profil zuzuordnen.<br \/>\nDies k\u00f6nnen Sie verhindern, indem Sie sich aus Ihrem YouTube-Account<br \/>\nausloggen.Weitere Informationen zum Umgang von Nutzerdaten finden Sie in der<br \/>\nDatenschutzerkl\u00e4rung von YouTube unter:<br \/>\n<a href=\"https:\/\/www.google.de\/intl\/de\/policies\/privacy\">https:\/\/www.google.de\/intl\/de\/policies\/privacy<\/a><\/p>\n<p>Auf unseren Seiten sind Plug-Ins des sozialen Netzwerks Facebook, der<br \/>\nFirma Facebook Inc., 1 Hacker Way, Menlo Park, California 94025, USA,<br \/>\nintegriert.<br \/>\nDie Facebook-Plugins erkennen Sie an dem Facebook-Logo oder dem<br \/>\n&#8222;Like-Button&#8220; (&#8222;Gef\u00e4llt mir&#8220;) auf unserer Seite.Eine \u00dcbersicht \u00fcber die Facebook-Plugins finden Sie hier:<br \/>\ndevelopers.facebook.com\/docs\/plugins\/Wenn Sie unsere Seite besuchen, wird \u00fcber das Plugin eine direkte<br \/>\nVerbindung zwischen Ihrem Browser und dem Facebook-Server hergestellt.<br \/>\nFacebook erh\u00e4lt dadurch die Information, dass Sie mit Ihrer IP-Adresse<br \/>\nunsere Seite besucht haben.<\/p>\n<p>Wenn Sie den Facebook &#8222;Like-Button&#8220; anklicken w\u00e4hrend Sie in Ihrem<br \/>\nFacebook-Account eingeloggt sind, k\u00f6nnen Sie die Inhalte unserer Seiten<br \/>\nauf Ihrem Facebook-Profil verlinken. Dadurch kann Facebook den Besuch<br \/>\nunserer Seiten Ihrem Benutzerkonto zuordnen.<\/p>\n<p>Wir weisen darauf hin, dass wir als Anbieter der Seiten keine Kenntnis vom<br \/>\nInhalt der \u00fcbermittelten Daten sowie deren Nutzung durch Facebook erhalten.<\/p>\n<p>Weitere Informationen hierzu finden Sie in der Datenschutzerkl\u00e4rung von<br \/>\nFacebook unter de-de.facebook.com\/policy.php.<br \/>\nWenn Sie nicht w\u00fcnschen, dass Facebook den Besuch unserer Seiten Ihrem<br \/>\nFacebook-Nutzerkonto zuordnen kann, loggen Sie sich bitte aus Ihrem<br \/>\nFacebook-Benutzerkonto aus.<\/p>\n<p>Falls Sie noch Fragen zu Ihren personenbezogenen Daten haben,<br \/>\nso erteilen wir Ihnen gerne weitere Ausk\u00fcnfte.<\/p>\n<p>Hier finden Sie die <strong><a href=\"http:\/\/bm-land.de\/sicherheit\/wp-content\/uploads\/2018\/05\/Datenschutz-BM-Land-Firma.pdf\" target=\"_blank\" rel=\"noopener noreferrer\">Datenschutzverordnung DS-GVO<\/a><\/strong> als pdf zum Download.<\/p>\n","protected":false},"excerpt":{"rendered":"<p>Datenschutzerkl\u00e4rung Datenschutz-Grundverordnung &nbsp; DS-GVO f\u00fcr die Inhalte auf der Internetpr\u00e4senz: www.bm-land.de www.bm-land.com Wir freuen uns sehr \u00fcber das Interesse an unserem Unternehmen! Diese Datenschutzerkl\u00e4rung soll Ihnen als Besucher dieser Webpr\u00e4senz \u00fcber Art, Umfang und Zweck der Datenerhebung, sowie \u00fcber die Verwendung Ihrer personenbezogenen Daten informieren. Ferner werden Sie \u00fcber die ihnen zustehenden Rechte informiert. Verantwortlicher [&hellip;]<\/p>\n","protected":false},"author":2,"featured_media":0,"parent":0,"menu_order":0,"comment_status":"closed","ping_status":"closed","template":"","meta":{"footnotes":""},"class_list":["post-5327","page","type-page","status-publish","hentry"],"_links":{"self":[{"href":"https:\/\/bm-land.de\/sicherheit\/index.php?rest_route=\/wp\/v2\/pages\/5327","targetHints":{"allow":["GET"]}}],"collection":[{"href":"https:\/\/bm-land.de\/sicherheit\/index.php?rest_route=\/wp\/v2\/pages"}],"about":[{"href":"https:\/\/bm-land.de\/sicherheit\/index.php?rest_route=\/wp\/v2\/types\/page"}],"author":[{"embeddable":true,"href":"https:\/\/bm-land.de\/sicherheit\/index.php?rest_route=\/wp\/v2\/users\/2"}],"replies":[{"embeddable":true,"href":"https:\/\/bm-land.de\/sicherheit\/index.php?rest_route=%2Fwp%2Fv2%2Fcomments&post=5327"}],"version-history":[{"count":17,"href":"https:\/\/bm-land.de\/sicherheit\/index.php?rest_route=\/wp\/v2\/pages\/5327\/revisions"}],"predecessor-version":[{"id":6022,"href":"https:\/\/bm-land.de\/sicherheit\/index.php?rest_route=\/wp\/v2\/pages\/5327\/revisions\/6022"}],"wp:attachment":[{"href":"https:\/\/bm-land.de\/sicherheit\/index.php?rest_route=%2Fwp%2Fv2%2Fmedia&parent=5327"}],"curies":[{"name":"wp","href":"https:\/\/api.w.org\/{rel}","templated":true}]}}